{"id":14,"date":"2018-04-15T10:17:05","date_gmt":"2018-04-15T08:17:05","guid":{"rendered":"http:\/\/mademoisellekoshka.com\/index.php\/panier\/"},"modified":"2018-04-15T10:17:05","modified_gmt":"2018-04-15T08:17:05","slug":"panier","status":"publish","type":"page","link":"https:\/\/mademoisellekoshka.com\/index.php\/panier\/","title":{"rendered":"Panier"},"content":{"rendered":"\n","protected":false},"excerpt":{"rendered":"","protected":false},"author":1,"featured_media":0,"parent":0,"menu_order":0,"comment_status":"closed","ping_status":"closed","template":"","meta":{"_monsterinsights_skip_tracking":false,"_monsterinsights_sitenote_active":false,"_monsterinsights_sitenote_note":"","_monsterinsights_sitenote_category":0,"site-sidebar-layout":"default","site-content-layout":"","ast-site-content-layout":"default","site-content-style":"default","site-sidebar-style":"default","ast-global-header-display":"","ast-banner-title-visibility":"","ast-main-header-display":"","ast-hfb-above-header-display":"","ast-hfb-below-header-display":"","ast-hfb-mobile-header-display":"","site-post-title":"","ast-breadcrumbs-content":"","ast-featured-img":"","footer-sml-layout":"","ast-disable-related-posts":"","theme-transparent-header-meta":"","adv-header-id-meta":"","stick-header-meta":"","header-above-stick-meta":"","header-main-stick-meta":"","header-below-stick-meta":"","astra-migrate-meta-layouts":"default","ast-page-background-enabled":"default","ast-page-background-meta":{"desktop":{"background-color":"","background-image":"","background-repeat":"repeat","background-position":"center center","background-size":"auto","background-attachment":"scroll","background-type":"","background-media":"","overlay-type":"","overlay-color":"","overlay-opacity":"","overlay-gradient":""},"tablet":{"background-color":"","background-image":"","background-repeat":"repeat","background-position":"center center","background-size":"auto","background-attachment":"scroll","background-type":"","background-media":"","overlay-type":"","overlay-color":"","overlay-opacity":"","overlay-gradient":""},"mobile":{"background-color":"","background-image":"","background-repeat":"repeat","background-position":"center center","background-size":"auto","background-attachment":"scroll","background-type":"","background-media":"","overlay-type":"","overlay-color":"","overlay-opacity":"","overlay-gradient":""}},"ast-content-background-meta":{"desktop":{"background-color":"var(--ast-global-color-5)","background-image":"","background-repeat":"repeat","background-position":"center center","background-size":"auto","background-attachment":"scroll","background-type":"","background-media":"","overlay-type":"","overlay-color":"","overlay-opacity":"","overlay-gradient":""},"tablet":{"background-color":"var(--ast-global-color-5)","background-image":"","background-repeat":"repeat","background-position":"center center","background-size":"auto","background-attachment":"scroll","background-type":"","background-media":"","overlay-type":"","overlay-color":"","overlay-opacity":"","overlay-gradient":""},"mobile":{"background-color":"var(--ast-global-color-5)","background-image":"","background-repeat":"repeat","background-position":"center center","background-size":"auto","background-attachment":"scroll","background-type":"","background-media":"","overlay-type":"","overlay-color":"","overlay-opacity":"","overlay-gradient":""}},"jetpack_post_was_ever_published":false,"footnotes":""},"class_list":["post-14","page","type-page","status-publish","hentry"],"aioseo_notices":[],"jetpack_sharing_enabled":true,"jetpack_shortlink":"https:\/\/wp.me\/P9PAxh-e","jetpack-related-posts":[{"id":330,"url":"https:\/\/mademoisellekoshka.com\/index.php\/mentions-legales\/","url_meta":{"origin":14,"position":0},"title":"Mentions L\u00e9gales","author":"admin1099","date":"26 avril 2018","format":false,"excerpt":"Mentions l\u00e9gales et politique de confidentialit\u00e9 Conform\u00e9ment aux dispositions de l'article 6 III-1 de la loi n\u00b02004-575 du 21 juin 2004 pour la confiance dans l'\u00e9conomie num\u00e9rique, nous vous informons que le pr\u00e9sent site https:\/\/mademoisellekoshka.com\/ \u00a0(ci-apr\u00e8s \u00ab le Site \u00bb) est la propri\u00e9t\u00e9 exclusive de LIEPARD Elodie:\u00a0 LIEPARD Elodie,\u00a0Micro entrepreneur,\u2026","rel":"","context":"Article similaire","block_context":{"text":"Article similaire","link":""},"img":{"alt_text":"","src":"","width":0,"height":0},"classes":[]},{"id":5,"url":"https:\/\/mademoisellekoshka.com\/index.php\/cgv\/","url_meta":{"origin":14,"position":1},"title":"CGV","author":"admin1099","date":"15 avril 2018","format":false,"excerpt":"Mademoiselle Koshka \u00ae est une marque fran\u00e7aise d\u00e9pos\u00e9e \u00e0 l'INPI, de figurines, bijoux et accessoires r\u00e9alis\u00e9s en p\u00e2te polym\u00e8re, de bijoux fantaisies et d'illustration. LIEPARD Elodie, Micro entrepreneur, N\u00b0 SIRET :\u00a0 821 552 783 00010 Inscrite \u00e0 la Chambre de M\u00e9tiers et de l'Artisanat du Nord (59) et au R\u00e9pertoire\u2026","rel":"","context":"Article similaire","block_context":{"text":"Article similaire","link":""},"img":{"alt_text":"","src":"","width":0,"height":0},"classes":[]}],"amp_enabled":true,"_links":{"self":[{"href":"https:\/\/mademoisellekoshka.com\/index.php\/wp-json\/wp\/v2\/pages\/14","targetHints":{"allow":["GET"]}}],"collection":[{"href":"https:\/\/mademoisellekoshka.com\/index.php\/wp-json\/wp\/v2\/pages"}],"about":[{"href":"https:\/\/mademoisellekoshka.com\/index.php\/wp-json\/wp\/v2\/types\/page"}],"author":[{"embeddable":true,"href":"https:\/\/mademoisellekoshka.com\/index.php\/wp-json\/wp\/v2\/users\/1"}],"replies":[{"embeddable":true,"href":"https:\/\/mademoisellekoshka.com\/index.php\/wp-json\/wp\/v2\/comments?post=14"}],"version-history":[{"count":0,"href":"https:\/\/mademoisellekoshka.com\/index.php\/wp-json\/wp\/v2\/pages\/14\/revisions"}],"wp:attachment":[{"href":"https:\/\/mademoisellekoshka.com\/index.php\/wp-json\/wp\/v2\/media?parent=14"}],"curies":[{"name":"wp","href":"https:\/\/api.w.org\/{rel}","templated":true}]}}