{"id":3264,"date":"2026-01-14T20:00:26","date_gmt":"2026-01-14T19:00:26","guid":{"rendered":"https:\/\/mademoisellekoshka.com\/?post_type=product&#038;p=3264"},"modified":"2026-01-14T17:39:49","modified_gmt":"2026-01-14T16:39:49","slug":"porte-encens-chouette-dieu-du-soleil-apollon","status":"publish","type":"product","link":"https:\/\/mademoisellekoshka.com\/index.php\/produit\/porte-encens-chouette-dieu-du-soleil-apollon\/","title":{"rendered":"Porte Encens Chouette \u00ab\u00a0Dieu du Soleil\u00a0\u00bb &#8211; Socle Or"},"content":{"rendered":"<p>Chaque chouette totem est model\u00e9e enti\u00e8rement \u00e0 la main, peinte et r\u00e9sin\u00e9e.<\/p>\n<p>Les chouettes sont num\u00e9rot\u00e9es et sign\u00e9es, le mod\u00e8le peut donc varier l\u00e9g\u00e8rement de la photo.<\/p>\n<p>La chouette blanche repr\u00e9sente Apollon, dieu du soleil.<\/p>\n<p>Elle sera accompagn\u00e9e de quelques b\u00e2tons d&rsquo;encens et de sa pochette en organza.<\/p>\n<p>Elle mesure 4 cm de haut.<\/p>\n<p>Le socle est en bois, peint en dor\u00e9.<\/p>\n<p>Livr\u00e9e dans un emballage cadeau.<\/p>\n","protected":false},"excerpt":{"rendered":"<p>Porte encens Chouette \u00ab\u00a0Soleil\u00a0\u00bb Animal Totem r\u00e9alis\u00e9e \u00e0 la main, mod\u00e8le unique, sign\u00e9 et num\u00e9rot\u00e9. Figurine \u00ab\u00a0Appolon\u00a0\u00bb Dieu du soleil livr\u00e9e avec des b\u00e2tons d&rsquo;encens.<\/p>\n","protected":false},"featured_media":4997,"comment_status":"closed","ping_status":"closed","template":"","meta":{"_monsterinsights_skip_tracking":false,"_monsterinsights_sitenote_active":false,"_monsterinsights_sitenote_note":"","_monsterinsights_sitenote_category":0,"site-sidebar-layout":"default","site-content-layout":"default","ast-site-content-layout":"default","site-content-style":"default","site-sidebar-style":"default","ast-global-header-display":"","ast-banner-title-visibility":"","ast-main-header-display":"","ast-hfb-above-header-display":"","ast-hfb-below-header-display":"","ast-hfb-mobile-header-display":"","site-post-title":"","ast-breadcrumbs-content":"","ast-featured-img":"","footer-sml-layout":"","ast-disable-related-posts":"","theme-transparent-header-meta":"default","adv-header-id-meta":"","stick-header-meta":"","header-above-stick-meta":"","header-main-stick-meta":"","header-below-stick-meta":"","astra-migrate-meta-layouts":"set","ast-page-background-enabled":"default","ast-page-background-meta":{"desktop":{"background-color":"","background-image":"","background-repeat":"repeat","background-position":"center center","background-size":"auto","background-attachment":"scroll","background-type":"","background-media":"","overlay-type":"","overlay-color":"","overlay-opacity":"","overlay-gradient":""},"tablet":{"background-color":"","background-image":"","background-repeat":"repeat","background-position":"center center","background-size":"auto","background-attachment":"scroll","background-type":"","background-media":"","overlay-type":"","overlay-color":"","overlay-opacity":"","overlay-gradient":""},"mobile":{"background-color":"","background-image":"","background-repeat":"repeat","background-position":"center center","background-size":"auto","background-attachment":"scroll","background-type":"","background-media":"","overlay-type":"","overlay-color":"","overlay-opacity":"","overlay-gradient":""}},"ast-content-background-meta":{"desktop":{"background-color":"var(--ast-global-color-5)","background-image":"","background-repeat":"repeat","background-position":"center center","background-size":"auto","background-attachment":"scroll","background-type":"","background-media":"","overlay-type":"","overlay-color":"","overlay-opacity":"","overlay-gradient":""},"tablet":{"background-color":"var(--ast-global-color-5)","background-image":"","background-repeat":"repeat","background-position":"center center","background-size":"auto","background-attachment":"scroll","background-type":"","background-media":"","overlay-type":"","overlay-color":"","overlay-opacity":"","overlay-gradient":""},"mobile":{"background-color":"var(--ast-global-color-5)","background-image":"","background-repeat":"repeat","background-position":"center center","background-size":"auto","background-attachment":"scroll","background-type":"","background-media":"","overlay-type":"","overlay-color":"","overlay-opacity":"","overlay-gradient":""}},"jetpack_post_was_ever_published":false},"product_brand":[],"product_cat":[19,80],"product_tag":[341,232,176,233,342],"class_list":{"0":"post-3264","1":"product","2":"type-product","3":"status-publish","4":"has-post-thumbnail","6":"product_cat-decoration","7":"product_cat-figurines","8":"product_tag-animal","9":"product_tag-cabinet","10":"product_tag-chouette","11":"product_tag-curiosites","12":"product_tag-totem","13":"desktop-align-left","14":"tablet-align-left","15":"mobile-align-left","17":"first","18":"instock","19":"sale","20":"shipping-taxable","21":"purchasable","22":"product-type-simple"},"aioseo_notices":[],"jetpack_sharing_enabled":true,"jetpack-related-posts":[{"id":3258,"url":"https:\/\/mademoisellekoshka.com\/index.php\/produit\/porte-encens-chouette-deesse-de-la-lune\/","url_meta":{"origin":3264,"position":0},"title":"Porte Encens Chouette \u00ab\u00a0D\u00e9esse de la Lune\u00a0\u00bb Or","author":"admin1099","date":"14 janvier 2026","format":false,"excerpt":"Porte encens Chouette \"Lune\" Animal Totem r\u00e9alis\u00e9e \u00e0 la main, mod\u00e8le unique, sign\u00e9 et num\u00e9rot\u00e9. Figurine \"S\u00e9l\u00e9n\u00e9, D\u00e9esse de la Lune\" livr\u00e9e avec des b\u00e2tons d'encens.","rel":"","context":"Article similaire","block_context":{"text":"Article similaire","link":""},"img":{"alt_text":"","src":"https:\/\/i0.wp.com\/mademoisellekoshka.com\/wp-content\/uploads\/2021\/06\/porte_encens_wictchy_chouette_noire_or_2-e1679764982746.jpg?resize=350%2C200&ssl=1","width":350,"height":200,"srcset":"https:\/\/i0.wp.com\/mademoisellekoshka.com\/wp-content\/uploads\/2021\/06\/porte_encens_wictchy_chouette_noire_or_2-e1679764982746.jpg?resize=350%2C200&ssl=1 1x, https:\/\/i0.wp.com\/mademoisellekoshka.com\/wp-content\/uploads\/2021\/06\/porte_encens_wictchy_chouette_noire_or_2-e1679764982746.jpg?resize=525%2C300&ssl=1 1.5x"},"classes":[]},{"id":4891,"url":"https:\/\/mademoisellekoshka.com\/index.php\/produit\/broche-cthulhu-en-resine\/","url_meta":{"origin":3264,"position":1},"title":"Broche Cthulhu en r\u00e9sine","author":"admin1099","date":"14 janvier 2026","format":false,"excerpt":"R\u00e9alis\u00e9e en r\u00e9sine \u00e9poxy, peinte et vernis, cette jolie broche \"Cthulhu\" a \u00e9t\u00e9 con\u00e7ue par mes soins.","rel":"","context":"Article similaire","block_context":{"text":"Article similaire","link":""},"img":{"alt_text":"","src":"https:\/\/i0.wp.com\/mademoisellekoshka.com\/wp-content\/uploads\/2023\/02\/Broche-cthulhu-1-scaled-e1677084682604.jpg?resize=350%2C200&ssl=1","width":350,"height":200,"srcset":"https:\/\/i0.wp.com\/mademoisellekoshka.com\/wp-content\/uploads\/2023\/02\/Broche-cthulhu-1-scaled-e1677084682604.jpg?resize=350%2C200&ssl=1 1x, https:\/\/i0.wp.com\/mademoisellekoshka.com\/wp-content\/uploads\/2023\/02\/Broche-cthulhu-1-scaled-e1677084682604.jpg?resize=525%2C300&ssl=1 1.5x, https:\/\/i0.wp.com\/mademoisellekoshka.com\/wp-content\/uploads\/2023\/02\/Broche-cthulhu-1-scaled-e1677084682604.jpg?resize=700%2C400&ssl=1 2x"},"classes":[]},{"id":4886,"url":"https:\/\/mademoisellekoshka.com\/index.php\/produit\/broche-devil-cat-en-resine\/","url_meta":{"origin":3264,"position":2},"title":"Broche Devil Cat en r\u00e9sine","author":"admin1099","date":"14 janvier 2026","format":false,"excerpt":"R\u00e9alis\u00e9e en r\u00e9sine \u00e9poxy, peinte et vernis, cette jolie broche \"Devil Cat\" a \u00e9t\u00e9 con\u00e7ue par mes soins.","rel":"","context":"Article similaire","block_context":{"text":"Article similaire","link":""},"img":{"alt_text":"","src":"https:\/\/i0.wp.com\/mademoisellekoshka.com\/wp-content\/uploads\/2023\/02\/broche-chat-diable-4-scaled-e1677084346733.jpg?resize=350%2C200&ssl=1","width":350,"height":200,"srcset":"https:\/\/i0.wp.com\/mademoisellekoshka.com\/wp-content\/uploads\/2023\/02\/broche-chat-diable-4-scaled-e1677084346733.jpg?resize=350%2C200&ssl=1 1x, https:\/\/i0.wp.com\/mademoisellekoshka.com\/wp-content\/uploads\/2023\/02\/broche-chat-diable-4-scaled-e1677084346733.jpg?resize=525%2C300&ssl=1 1.5x, https:\/\/i0.wp.com\/mademoisellekoshka.com\/wp-content\/uploads\/2023\/02\/broche-chat-diable-4-scaled-e1677084346733.jpg?resize=700%2C400&ssl=1 2x"},"classes":[]},{"id":8907,"url":"https:\/\/mademoisellekoshka.com\/index.php\/produit\/grand-rumi\/","url_meta":{"origin":3264,"position":3},"title":"Grand Rumi","author":"admin1099","date":"14 janvier 2026","format":false,"excerpt":"Grande figurine Rumi en argile et peinture acrylique. R\u00e9alis\u00e9e \u00e0 la main, elle mesure 9 cm de haut. Elle est pos\u00e9e sur un socle en bois. Brille dans le noir. Mod\u00e8le Unique.","rel":"","context":"Article similaire","block_context":{"text":"Article similaire","link":""},"img":{"alt_text":"","src":"https:\/\/i0.wp.com\/mademoisellekoshka.com\/wp-content\/uploads\/2026\/01\/DSC_05422-e1768400932627.jpg?resize=350%2C200&ssl=1","width":350,"height":200,"srcset":"https:\/\/i0.wp.com\/mademoisellekoshka.com\/wp-content\/uploads\/2026\/01\/DSC_05422-e1768400932627.jpg?resize=350%2C200&ssl=1 1x, https:\/\/i0.wp.com\/mademoisellekoshka.com\/wp-content\/uploads\/2026\/01\/DSC_05422-e1768400932627.jpg?resize=525%2C300&ssl=1 1.5x, https:\/\/i0.wp.com\/mademoisellekoshka.com\/wp-content\/uploads\/2026\/01\/DSC_05422-e1768400932627.jpg?resize=700%2C400&ssl=1 2x"},"classes":[]},{"id":8883,"url":"https:\/\/mademoisellekoshka.com\/index.php\/produit\/grand-korogu\/","url_meta":{"origin":3264,"position":4},"title":"Grand Korogu","author":"admin1099","date":"14 janvier 2026","format":false,"excerpt":"Grande figurine Korogu en argile et peinture acrylique. R\u00e9alis\u00e9e \u00e0 la main, elle mesure 12,5 cm de haut. Elle est pos\u00e9e sur un lit de mousse et socle en bois. Mod\u00e8le Unique.","rel":"","context":"Article similaire","block_context":{"text":"Article similaire","link":""},"img":{"alt_text":"","src":"https:\/\/i0.wp.com\/mademoisellekoshka.com\/wp-content\/uploads\/2026\/01\/DSC_05402-scaled-e1768401007119.jpg?resize=350%2C200&ssl=1","width":350,"height":200,"srcset":"https:\/\/i0.wp.com\/mademoisellekoshka.com\/wp-content\/uploads\/2026\/01\/DSC_05402-scaled-e1768401007119.jpg?resize=350%2C200&ssl=1 1x, https:\/\/i0.wp.com\/mademoisellekoshka.com\/wp-content\/uploads\/2026\/01\/DSC_05402-scaled-e1768401007119.jpg?resize=525%2C300&ssl=1 1.5x"},"classes":[]},{"id":8868,"url":"https:\/\/mademoisellekoshka.com\/index.php\/produit\/figurine-korogu-8\/","url_meta":{"origin":3264,"position":5},"title":"Figurine Korogu #8","author":"admin1099","date":"14 janvier 2026","format":false,"excerpt":"Petite figurine Korogu en p\u00e2te polym\u00e8re, r\u00e9alis\u00e9e \u00e0 la main. La figurine est sur un socle en bois, pos\u00e9e dans une petite cloche en acrylique. Hauteur de la figurine: 6cm Hauteur de la cloche: 8.5cm Attention: Le mod\u00e8le peut \u00eatre diff\u00e9rent de celui re\u00e7u, mais le masque sera le m\u00eame.","rel":"","context":"Article similaire","block_context":{"text":"Article similaire","link":""},"img":{"alt_text":"","src":"https:\/\/i0.wp.com\/mademoisellekoshka.com\/wp-content\/uploads\/2026\/01\/DSC_05262-e1768374571822.jpg?resize=350%2C200&ssl=1","width":350,"height":200,"srcset":"https:\/\/i0.wp.com\/mademoisellekoshka.com\/wp-content\/uploads\/2026\/01\/DSC_05262-e1768374571822.jpg?resize=350%2C200&ssl=1 1x, https:\/\/i0.wp.com\/mademoisellekoshka.com\/wp-content\/uploads\/2026\/01\/DSC_05262-e1768374571822.jpg?resize=525%2C300&ssl=1 1.5x, https:\/\/i0.wp.com\/mademoisellekoshka.com\/wp-content\/uploads\/2026\/01\/DSC_05262-e1768374571822.jpg?resize=700%2C400&ssl=1 2x"},"classes":[]}],"amp_enabled":true,"_links":{"self":[{"href":"https:\/\/mademoisellekoshka.com\/index.php\/wp-json\/wp\/v2\/product\/3264","targetHints":{"allow":["GET"]}}],"collection":[{"href":"https:\/\/mademoisellekoshka.com\/index.php\/wp-json\/wp\/v2\/product"}],"about":[{"href":"https:\/\/mademoisellekoshka.com\/index.php\/wp-json\/wp\/v2\/types\/product"}],"replies":[{"embeddable":true,"href":"https:\/\/mademoisellekoshka.com\/index.php\/wp-json\/wp\/v2\/comments?post=3264"}],"version-history":[{"count":4,"href":"https:\/\/mademoisellekoshka.com\/index.php\/wp-json\/wp\/v2\/product\/3264\/revisions"}],"predecessor-version":[{"id":4998,"href":"https:\/\/mademoisellekoshka.com\/index.php\/wp-json\/wp\/v2\/product\/3264\/revisions\/4998"}],"wp:featuredmedia":[{"embeddable":true,"href":"https:\/\/mademoisellekoshka.com\/index.php\/wp-json\/wp\/v2\/media\/4997"}],"wp:attachment":[{"href":"https:\/\/mademoisellekoshka.com\/index.php\/wp-json\/wp\/v2\/media?parent=3264"}],"wp:term":[{"taxonomy":"product_brand","embeddable":true,"href":"https:\/\/mademoisellekoshka.com\/index.php\/wp-json\/wp\/v2\/product_brand?post=3264"},{"taxonomy":"product_cat","embeddable":true,"href":"https:\/\/mademoisellekoshka.com\/index.php\/wp-json\/wp\/v2\/product_cat?post=3264"},{"taxonomy":"product_tag","embeddable":true,"href":"https:\/\/mademoisellekoshka.com\/index.php\/wp-json\/wp\/v2\/product_tag?post=3264"}],"curies":[{"name":"wp","href":"https:\/\/api.w.org\/{rel}","templated":true}]}}