{"id":4891,"date":"2026-01-14T20:00:57","date_gmt":"2026-01-14T19:00:57","guid":{"rendered":"https:\/\/mademoisellekoshka.com\/?post_type=product&#038;p=4891"},"modified":"2026-01-14T18:41:16","modified_gmt":"2026-01-14T17:41:16","slug":"broche-cthulhu-en-resine","status":"publish","type":"product","link":"https:\/\/mademoisellekoshka.com\/index.php\/produit\/broche-cthulhu-en-resine\/","title":{"rendered":"Broche Cthulhu en r\u00e9sine"},"content":{"rendered":"<p>Cette jolie broche est parfaite pour habiller vos vestes ou m\u00eame vos chapeaux.<\/p>\n<p>R\u00e9alis\u00e9e en r\u00e9sine \u00e9poxy, peinte et vernis, cette jolie broche a \u00e9t\u00e9 con\u00e7ue par mes soins. J&rsquo;ai tout d&rsquo;abord model\u00e9 un prototype, puis, j&rsquo;ai fabriqu\u00e9 le moule, coul\u00e9 la r\u00e9sine, ponc\u00e9 et peint.<\/p>\n<p>Chaque broche est unique.<\/p>\n<p>La broche Cthulhu mesure 6.5 x 4 cm.<\/p>\n<p>L&rsquo;attache est s\u00e9curis\u00e9e pour \u00e9viter de la perdre.<\/p>\n<p>La broche est livr\u00e9e dans son pochon et dans sa bo\u00eete cadeau.<\/p>\n","protected":false},"excerpt":{"rendered":"<p>R\u00e9alis\u00e9e en r\u00e9sine \u00e9poxy, peinte et vernis, cette jolie broche \u00ab\u00a0Cthulhu\u00a0\u00bb a \u00e9t\u00e9 con\u00e7ue par mes soins.<\/p>\n","protected":false},"featured_media":4880,"comment_status":"closed","ping_status":"closed","template":"","meta":{"_monsterinsights_skip_tracking":false,"_monsterinsights_sitenote_active":false,"_monsterinsights_sitenote_note":"","_monsterinsights_sitenote_category":0,"site-sidebar-layout":"default","site-content-layout":"default","ast-site-content-layout":"default","site-content-style":"default","site-sidebar-style":"default","ast-global-header-display":"","ast-banner-title-visibility":"","ast-main-header-display":"","ast-hfb-above-header-display":"","ast-hfb-below-header-display":"","ast-hfb-mobile-header-display":"","site-post-title":"","ast-breadcrumbs-content":"","ast-featured-img":"","footer-sml-layout":"","ast-disable-related-posts":"","theme-transparent-header-meta":"default","adv-header-id-meta":"","stick-header-meta":"","header-above-stick-meta":"","header-main-stick-meta":"","header-below-stick-meta":"","astra-migrate-meta-layouts":"set","ast-page-background-enabled":"default","ast-page-background-meta":{"desktop":{"background-color":"","background-image":"","background-repeat":"repeat","background-position":"center center","background-size":"auto","background-attachment":"scroll","background-type":"","background-media":"","overlay-type":"","overlay-color":"","overlay-opacity":"","overlay-gradient":""},"tablet":{"background-color":"","background-image":"","background-repeat":"repeat","background-position":"center center","background-size":"auto","background-attachment":"scroll","background-type":"","background-media":"","overlay-type":"","overlay-color":"","overlay-opacity":"","overlay-gradient":""},"mobile":{"background-color":"","background-image":"","background-repeat":"repeat","background-position":"center center","background-size":"auto","background-attachment":"scroll","background-type":"","background-media":"","overlay-type":"","overlay-color":"","overlay-opacity":"","overlay-gradient":""}},"ast-content-background-meta":{"desktop":{"background-color":"var(--ast-global-color-5)","background-image":"","background-repeat":"repeat","background-position":"center center","background-size":"auto","background-attachment":"scroll","background-type":"","background-media":"","overlay-type":"","overlay-color":"","overlay-opacity":"","overlay-gradient":""},"tablet":{"background-color":"var(--ast-global-color-5)","background-image":"","background-repeat":"repeat","background-position":"center center","background-size":"auto","background-attachment":"scroll","background-type":"","background-media":"","overlay-type":"","overlay-color":"","overlay-opacity":"","overlay-gradient":""},"mobile":{"background-color":"var(--ast-global-color-5)","background-image":"","background-repeat":"repeat","background-position":"center center","background-size":"auto","background-attachment":"scroll","background-type":"","background-media":"","overlay-type":"","overlay-color":"","overlay-opacity":"","overlay-gradient":""}},"jetpack_post_was_ever_published":false},"product_brand":[],"product_cat":[57,15],"product_tag":[],"class_list":{"0":"post-4891","1":"product","2":"type-product","3":"status-publish","4":"has-post-thumbnail","6":"product_cat-broches","7":"product_cat-non-classe","8":"desktop-align-left","9":"tablet-align-left","10":"mobile-align-left","12":"first","13":"instock","14":"sale","15":"shipping-taxable","16":"purchasable","17":"product-type-simple"},"aioseo_notices":[],"jetpack_sharing_enabled":true,"jetpack-related-posts":[{"id":4886,"url":"https:\/\/mademoisellekoshka.com\/index.php\/produit\/broche-devil-cat-en-resine\/","url_meta":{"origin":4891,"position":0},"title":"Broche Devil Cat en r\u00e9sine","author":"admin1099","date":"14 janvier 2026","format":false,"excerpt":"R\u00e9alis\u00e9e en r\u00e9sine \u00e9poxy, peinte et vernis, cette jolie broche \"Devil Cat\" a \u00e9t\u00e9 con\u00e7ue par mes soins.","rel":"","context":"Article similaire","block_context":{"text":"Article similaire","link":""},"img":{"alt_text":"","src":"https:\/\/i0.wp.com\/mademoisellekoshka.com\/wp-content\/uploads\/2023\/02\/broche-chat-diable-4-scaled-e1677084346733.jpg?resize=350%2C200&ssl=1","width":350,"height":200,"srcset":"https:\/\/i0.wp.com\/mademoisellekoshka.com\/wp-content\/uploads\/2023\/02\/broche-chat-diable-4-scaled-e1677084346733.jpg?resize=350%2C200&ssl=1 1x, https:\/\/i0.wp.com\/mademoisellekoshka.com\/wp-content\/uploads\/2023\/02\/broche-chat-diable-4-scaled-e1677084346733.jpg?resize=525%2C300&ssl=1 1.5x, https:\/\/i0.wp.com\/mademoisellekoshka.com\/wp-content\/uploads\/2023\/02\/broche-chat-diable-4-scaled-e1677084346733.jpg?resize=700%2C400&ssl=1 2x"},"classes":[]},{"id":4224,"url":"https:\/\/mademoisellekoshka.com\/index.php\/produit\/collier-pendule-fleurs-sechees-amethyste-lavande\/","url_meta":{"origin":4891,"position":1},"title":"Collier Pendule Fleurs S\u00e9ch\u00e9es &#8211; Rose &#038; Pierre de Lune","author":"admin1099","date":"14 janvier 2026","format":false,"excerpt":"Pendule qui peut \u00eatre port\u00e9 en collier, r\u00e9alis\u00e9 en r\u00e9sine, feuille d'or et paillettes. Chaque fleur s\u00e9ch\u00e9e est choisi en fonction\u00a0 de son langage.","rel":"","context":"Article similaire","block_context":{"text":"Article similaire","link":""},"img":{"alt_text":"","src":"https:\/\/i0.wp.com\/mademoisellekoshka.com\/wp-content\/uploads\/2022\/04\/Pendule_witchy_fleurs_sechees_rose_pierre_de_lune_3-e1679765396184.jpg?resize=350%2C200&ssl=1","width":350,"height":200,"srcset":"https:\/\/i0.wp.com\/mademoisellekoshka.com\/wp-content\/uploads\/2022\/04\/Pendule_witchy_fleurs_sechees_rose_pierre_de_lune_3-e1679765396184.jpg?resize=350%2C200&ssl=1 1x, https:\/\/i0.wp.com\/mademoisellekoshka.com\/wp-content\/uploads\/2022\/04\/Pendule_witchy_fleurs_sechees_rose_pierre_de_lune_3-e1679765396184.jpg?resize=525%2C300&ssl=1 1.5x"},"classes":[]},{"id":9002,"url":"https:\/\/mademoisellekoshka.com\/index.php\/produit\/collier-pendule-fleurs-sechees-rose-gypsophile\/","url_meta":{"origin":4891,"position":2},"title":"Collier Pendule Fleurs S\u00e9ch\u00e9es &#8211; Rose &#038; Gypsophile","author":"admin1099","date":"14 janvier 2026","format":false,"excerpt":"Pendule qui peut \u00eatre port\u00e9 en collier, r\u00e9alis\u00e9 en r\u00e9sine, feuille d'or et paillettes. Chaque fleur s\u00e9ch\u00e9e est choisi en fonction\u00a0 de son langage.","rel":"","context":"Article similaire","block_context":{"text":"Article similaire","link":""},"img":{"alt_text":"","src":"https:\/\/i0.wp.com\/mademoisellekoshka.com\/wp-content\/uploads\/2026\/01\/DSC_06072-scaled-e1768408552389.jpg?resize=350%2C200&ssl=1","width":350,"height":200,"srcset":"https:\/\/i0.wp.com\/mademoisellekoshka.com\/wp-content\/uploads\/2026\/01\/DSC_06072-scaled-e1768408552389.jpg?resize=350%2C200&ssl=1 1x, https:\/\/i0.wp.com\/mademoisellekoshka.com\/wp-content\/uploads\/2026\/01\/DSC_06072-scaled-e1768408552389.jpg?resize=525%2C300&ssl=1 1.5x"},"classes":[]},{"id":8984,"url":"https:\/\/mademoisellekoshka.com\/index.php\/produit\/collier-pendule-fleurs-sechees-onyx-coquelicot\/","url_meta":{"origin":4891,"position":3},"title":"Collier Pendule Fleurs S\u00e9ch\u00e9es &#8211; Onyx &#038; Coquelicot","author":"admin1099","date":"14 janvier 2026","format":false,"excerpt":"Pendule qui peut \u00eatre port\u00e9 en collier, r\u00e9alis\u00e9 en r\u00e9sine, feuille d'or et paillettes. Chaque fleur s\u00e9ch\u00e9e est choisi en fonction\u00a0 de son langage.","rel":"","context":"Article similaire","block_context":{"text":"Article similaire","link":""},"img":{"alt_text":"","src":"https:\/\/i0.wp.com\/mademoisellekoshka.com\/wp-content\/uploads\/2026\/01\/DSC_05792-scaled-e1768408175894.jpg?resize=350%2C200&ssl=1","width":350,"height":200,"srcset":"https:\/\/i0.wp.com\/mademoisellekoshka.com\/wp-content\/uploads\/2026\/01\/DSC_05792-scaled-e1768408175894.jpg?resize=350%2C200&ssl=1 1x, https:\/\/i0.wp.com\/mademoisellekoshka.com\/wp-content\/uploads\/2026\/01\/DSC_05792-scaled-e1768408175894.jpg?resize=525%2C300&ssl=1 1.5x"},"classes":[]},{"id":8978,"url":"https:\/\/mademoisellekoshka.com\/index.php\/produit\/collier-pendule-fleurs-sechees-aventurine-monnaie-du-pape\/","url_meta":{"origin":4891,"position":4},"title":"Collier Pendule Fleurs S\u00e9ch\u00e9es &#8211; Aventurine &#038; Monnaie du pape","author":"admin1099","date":"14 janvier 2026","format":false,"excerpt":"Pendule qui peut \u00eatre port\u00e9 en collier, r\u00e9alis\u00e9 en r\u00e9sine, feuille d'or et paillettes. Chaque fleur s\u00e9ch\u00e9e est choisi en fonction\u00a0 de son langage.","rel":"","context":"Article similaire","block_context":{"text":"Article similaire","link":""},"img":{"alt_text":"","src":"https:\/\/i0.wp.com\/mademoisellekoshka.com\/wp-content\/uploads\/2026\/01\/DSC_05692-scaled-e1768407957544.jpg?resize=350%2C200&ssl=1","width":350,"height":200,"srcset":"https:\/\/i0.wp.com\/mademoisellekoshka.com\/wp-content\/uploads\/2026\/01\/DSC_05692-scaled-e1768407957544.jpg?resize=350%2C200&ssl=1 1x, https:\/\/i0.wp.com\/mademoisellekoshka.com\/wp-content\/uploads\/2026\/01\/DSC_05692-scaled-e1768407957544.jpg?resize=525%2C300&ssl=1 1.5x"},"classes":[]},{"id":8989,"url":"https:\/\/mademoisellekoshka.com\/index.php\/produit\/collier-pendule-fleurs-sechees-amethyste-monnaie-du-pape\/","url_meta":{"origin":4891,"position":5},"title":"Collier Pendule Fleurs S\u00e9ch\u00e9es &#8211; Am\u00e9thyste &#038; Monnaie du Pape","author":"admin1099","date":"14 janvier 2026","format":false,"excerpt":"Pendule qui peut \u00eatre port\u00e9 en collier, r\u00e9alis\u00e9 en r\u00e9sine, feuille d'or et paillettes. Chaque fleur s\u00e9ch\u00e9e est choisi en fonction\u00a0 de son langage.","rel":"","context":"Article similaire","block_context":{"text":"Article similaire","link":""},"img":{"alt_text":"","src":"https:\/\/i0.wp.com\/mademoisellekoshka.com\/wp-content\/uploads\/2026\/01\/DSC_05762-scaled-e1768408117885.jpg?resize=350%2C200&ssl=1","width":350,"height":200,"srcset":"https:\/\/i0.wp.com\/mademoisellekoshka.com\/wp-content\/uploads\/2026\/01\/DSC_05762-scaled-e1768408117885.jpg?resize=350%2C200&ssl=1 1x, https:\/\/i0.wp.com\/mademoisellekoshka.com\/wp-content\/uploads\/2026\/01\/DSC_05762-scaled-e1768408117885.jpg?resize=525%2C300&ssl=1 1.5x"},"classes":[]}],"amp_enabled":true,"_links":{"self":[{"href":"https:\/\/mademoisellekoshka.com\/index.php\/wp-json\/wp\/v2\/product\/4891","targetHints":{"allow":["GET"]}}],"collection":[{"href":"https:\/\/mademoisellekoshka.com\/index.php\/wp-json\/wp\/v2\/product"}],"about":[{"href":"https:\/\/mademoisellekoshka.com\/index.php\/wp-json\/wp\/v2\/types\/product"}],"replies":[{"embeddable":true,"href":"https:\/\/mademoisellekoshka.com\/index.php\/wp-json\/wp\/v2\/comments?post=4891"}],"version-history":[{"count":1,"href":"https:\/\/mademoisellekoshka.com\/index.php\/wp-json\/wp\/v2\/product\/4891\/revisions"}],"predecessor-version":[{"id":4892,"href":"https:\/\/mademoisellekoshka.com\/index.php\/wp-json\/wp\/v2\/product\/4891\/revisions\/4892"}],"wp:featuredmedia":[{"embeddable":true,"href":"https:\/\/mademoisellekoshka.com\/index.php\/wp-json\/wp\/v2\/media\/4880"}],"wp:attachment":[{"href":"https:\/\/mademoisellekoshka.com\/index.php\/wp-json\/wp\/v2\/media?parent=4891"}],"wp:term":[{"taxonomy":"product_brand","embeddable":true,"href":"https:\/\/mademoisellekoshka.com\/index.php\/wp-json\/wp\/v2\/product_brand?post=4891"},{"taxonomy":"product_cat","embeddable":true,"href":"https:\/\/mademoisellekoshka.com\/index.php\/wp-json\/wp\/v2\/product_cat?post=4891"},{"taxonomy":"product_tag","embeddable":true,"href":"https:\/\/mademoisellekoshka.com\/index.php\/wp-json\/wp\/v2\/product_tag?post=4891"}],"curies":[{"name":"wp","href":"https:\/\/api.w.org\/{rel}","templated":true}]}}