{"id":8857,"date":"2026-01-14T20:00:55","date_gmt":"2026-01-14T19:00:55","guid":{"rendered":"https:\/\/mademoisellekoshka.com\/?post_type=product&#038;p=8857"},"modified":"2026-01-14T18:44:34","modified_gmt":"2026-01-14T17:44:34","slug":"figurine-korogu-3","status":"publish","type":"product","link":"https:\/\/mademoisellekoshka.com\/index.php\/produit\/figurine-korogu-3\/","title":{"rendered":"Figurine Korogu #3"},"content":{"rendered":"<p>Petite figurine Korogu en p\u00e2te polym\u00e8re, r\u00e9alis\u00e9e \u00e0 la main.<\/p>\n<p>La figurine est sur un socle en bois, pos\u00e9e dans une petite cloche en acrylique.<\/p>\n<p>Hauteur de la figurine: 6cm<\/p>\n<p>Hauteur de la cloche: 8.5cm<\/p>\n<p>Attention: Le mod\u00e8le peut \u00eatre diff\u00e9rent de celui re\u00e7u, mais le masque sera le m\u00eame.<\/p>\n","protected":false},"excerpt":{"rendered":"<p>Petite figurine Korogu en p\u00e2te polym\u00e8re, r\u00e9alis\u00e9e \u00e0 la main. La figurine est sur un socle en bois, pos\u00e9e dans une petite cloche en acrylique. Hauteur de la figurine: 6cm Hauteur de la cloche: 8.5cm Attention: Le mod\u00e8le peut \u00eatre diff\u00e9rent de celui re\u00e7u, mais le masque sera le m\u00eame.<\/p>\n","protected":false},"featured_media":8826,"comment_status":"closed","ping_status":"closed","template":"","meta":{"_monsterinsights_skip_tracking":false,"_monsterinsights_sitenote_active":false,"_monsterinsights_sitenote_note":"","_monsterinsights_sitenote_category":0,"site-sidebar-layout":"default","site-content-layout":"","ast-site-content-layout":"default","site-content-style":"default","site-sidebar-style":"default","ast-global-header-display":"","ast-banner-title-visibility":"","ast-main-header-display":"","ast-hfb-above-header-display":"","ast-hfb-below-header-display":"","ast-hfb-mobile-header-display":"","site-post-title":"","ast-breadcrumbs-content":"","ast-featured-img":"","footer-sml-layout":"","ast-disable-related-posts":"","theme-transparent-header-meta":"default","adv-header-id-meta":"","stick-header-meta":"","header-above-stick-meta":"","header-main-stick-meta":"","header-below-stick-meta":"","astra-migrate-meta-layouts":"set","ast-page-background-enabled":"default","ast-page-background-meta":{"desktop":{"background-color":"","background-image":"","background-repeat":"repeat","background-position":"center center","background-size":"auto","background-attachment":"scroll","background-type":"","background-media":"","overlay-type":"","overlay-color":"","overlay-opacity":"","overlay-gradient":""},"tablet":{"background-color":"","background-image":"","background-repeat":"repeat","background-position":"center center","background-size":"auto","background-attachment":"scroll","background-type":"","background-media":"","overlay-type":"","overlay-color":"","overlay-opacity":"","overlay-gradient":""},"mobile":{"background-color":"","background-image":"","background-repeat":"repeat","background-position":"center center","background-size":"auto","background-attachment":"scroll","background-type":"","background-media":"","overlay-type":"","overlay-color":"","overlay-opacity":"","overlay-gradient":""}},"ast-content-background-meta":{"desktop":{"background-color":"var(--ast-global-color-5)","background-image":"","background-repeat":"repeat","background-position":"center center","background-size":"auto","background-attachment":"scroll","background-type":"","background-media":"","overlay-type":"","overlay-color":"","overlay-opacity":"","overlay-gradient":""},"tablet":{"background-color":"var(--ast-global-color-5)","background-image":"","background-repeat":"repeat","background-position":"center center","background-size":"auto","background-attachment":"scroll","background-type":"","background-media":"","overlay-type":"","overlay-color":"","overlay-opacity":"","overlay-gradient":""},"mobile":{"background-color":"var(--ast-global-color-5)","background-image":"","background-repeat":"repeat","background-position":"center center","background-size":"auto","background-attachment":"scroll","background-type":"","background-media":"","overlay-type":"","overlay-color":"","overlay-opacity":"","overlay-gradient":""}},"jetpack_post_was_ever_published":false},"product_brand":[],"product_cat":[80],"product_tag":[],"class_list":{"0":"post-8857","1":"product","2":"type-product","3":"status-publish","4":"has-post-thumbnail","6":"product_cat-figurines","7":"desktop-align-left","8":"tablet-align-left","9":"mobile-align-left","11":"first","12":"instock","13":"sale","14":"shipping-taxable","15":"purchasable","16":"product-type-simple"},"aioseo_notices":[],"jetpack_sharing_enabled":true,"jetpack-related-posts":[{"id":8868,"url":"https:\/\/mademoisellekoshka.com\/index.php\/produit\/figurine-korogu-8\/","url_meta":{"origin":8857,"position":0},"title":"Figurine Korogu #8","author":"admin1099","date":"14 janvier 2026","format":false,"excerpt":"Petite figurine Korogu en p\u00e2te polym\u00e8re, r\u00e9alis\u00e9e \u00e0 la main. La figurine est sur un socle en bois, pos\u00e9e dans une petite cloche en acrylique. Hauteur de la figurine: 6cm Hauteur de la cloche: 8.5cm Attention: Le mod\u00e8le peut \u00eatre diff\u00e9rent de celui re\u00e7u, mais le masque sera le m\u00eame.","rel":"","context":"Article similaire","block_context":{"text":"Article similaire","link":""},"img":{"alt_text":"","src":"https:\/\/i0.wp.com\/mademoisellekoshka.com\/wp-content\/uploads\/2026\/01\/DSC_05262-e1768374571822.jpg?resize=350%2C200&ssl=1","width":350,"height":200,"srcset":"https:\/\/i0.wp.com\/mademoisellekoshka.com\/wp-content\/uploads\/2026\/01\/DSC_05262-e1768374571822.jpg?resize=350%2C200&ssl=1 1x, https:\/\/i0.wp.com\/mademoisellekoshka.com\/wp-content\/uploads\/2026\/01\/DSC_05262-e1768374571822.jpg?resize=525%2C300&ssl=1 1.5x, https:\/\/i0.wp.com\/mademoisellekoshka.com\/wp-content\/uploads\/2026\/01\/DSC_05262-e1768374571822.jpg?resize=700%2C400&ssl=1 2x"},"classes":[]},{"id":8863,"url":"https:\/\/mademoisellekoshka.com\/index.php\/produit\/figurine-korogu-6\/","url_meta":{"origin":8857,"position":1},"title":"Figurine Korogu #6","author":"admin1099","date":"14 janvier 2026","format":false,"excerpt":"Petite figurine Korogu en p\u00e2te polym\u00e8re, r\u00e9alis\u00e9e \u00e0 la main. La figurine est sur un socle en bois, pos\u00e9e dans une petite cloche en acrylique. Hauteur de la figurine: 6cm Hauteur de la cloche: 8.5cm Attention: Le mod\u00e8le peut \u00eatre diff\u00e9rent de celui re\u00e7u, mais le masque sera le m\u00eame.","rel":"","context":"Article similaire","block_context":{"text":"Article similaire","link":""},"img":{"alt_text":"","src":"https:\/\/i0.wp.com\/mademoisellekoshka.com\/wp-content\/uploads\/2026\/01\/DSC_05172-scaled-e1768374739852.jpg?resize=350%2C200&ssl=1","width":350,"height":200,"srcset":"https:\/\/i0.wp.com\/mademoisellekoshka.com\/wp-content\/uploads\/2026\/01\/DSC_05172-scaled-e1768374739852.jpg?resize=350%2C200&ssl=1 1x, https:\/\/i0.wp.com\/mademoisellekoshka.com\/wp-content\/uploads\/2026\/01\/DSC_05172-scaled-e1768374739852.jpg?resize=525%2C300&ssl=1 1.5x"},"classes":[]},{"id":8855,"url":"https:\/\/mademoisellekoshka.com\/index.php\/produit\/figurine-korogu-2\/","url_meta":{"origin":8857,"position":2},"title":"Figurine Korogu #2","author":"admin1099","date":"14 janvier 2026","format":false,"excerpt":"Petite figurine Korogu en p\u00e2te polym\u00e8re, r\u00e9alis\u00e9e \u00e0 la main. La figurine est sur un socle en bois, pos\u00e9e dans une petite cloche en acrylique. Hauteur de la figurine: 6cm Hauteur de la cloche: 8.5cm Attention: Le mod\u00e8le peut \u00eatre diff\u00e9rent de celui re\u00e7u, mais le masque sera le m\u00eame.","rel":"","context":"Article similaire","block_context":{"text":"Article similaire","link":""},"img":{"alt_text":"","src":"https:\/\/i0.wp.com\/mademoisellekoshka.com\/wp-content\/uploads\/2026\/01\/DSC_05302-e1768374489496.jpg?resize=350%2C200&ssl=1","width":350,"height":200,"srcset":"https:\/\/i0.wp.com\/mademoisellekoshka.com\/wp-content\/uploads\/2026\/01\/DSC_05302-e1768374489496.jpg?resize=350%2C200&ssl=1 1x, https:\/\/i0.wp.com\/mademoisellekoshka.com\/wp-content\/uploads\/2026\/01\/DSC_05302-e1768374489496.jpg?resize=525%2C300&ssl=1 1.5x, https:\/\/i0.wp.com\/mademoisellekoshka.com\/wp-content\/uploads\/2026\/01\/DSC_05302-e1768374489496.jpg?resize=700%2C400&ssl=1 2x"},"classes":[]},{"id":8876,"url":"https:\/\/mademoisellekoshka.com\/index.php\/produit\/figurine-korogu-12\/","url_meta":{"origin":8857,"position":3},"title":"Figurine Korogu #12","author":"admin1099","date":"14 janvier 2026","format":false,"excerpt":"Petite figurine Korogu en p\u00e2te polym\u00e8re, r\u00e9alis\u00e9e \u00e0 la main. La figurine est sur un socle en bois, pos\u00e9e dans une petite cloche en acrylique. Hauteur de la figurine: 6cm Hauteur de la cloche: 8.5cm Attention: Le mod\u00e8le peut \u00eatre diff\u00e9rent de celui re\u00e7u, mais le masque sera le m\u00eame.","rel":"","context":"Article similaire","block_context":{"text":"Article similaire","link":""},"img":{"alt_text":"","src":"https:\/\/i0.wp.com\/mademoisellekoshka.com\/wp-content\/uploads\/2026\/01\/DSC_06272-e1768374869445.jpg?resize=350%2C200&ssl=1","width":350,"height":200,"srcset":"https:\/\/i0.wp.com\/mademoisellekoshka.com\/wp-content\/uploads\/2026\/01\/DSC_06272-e1768374869445.jpg?resize=350%2C200&ssl=1 1x, https:\/\/i0.wp.com\/mademoisellekoshka.com\/wp-content\/uploads\/2026\/01\/DSC_06272-e1768374869445.jpg?resize=525%2C300&ssl=1 1.5x, https:\/\/i0.wp.com\/mademoisellekoshka.com\/wp-content\/uploads\/2026\/01\/DSC_06272-e1768374869445.jpg?resize=700%2C400&ssl=1 2x"},"classes":[]},{"id":8865,"url":"https:\/\/mademoisellekoshka.com\/index.php\/produit\/figurine-korogu-7\/","url_meta":{"origin":8857,"position":4},"title":"Figurine Korogu #7","author":"admin1099","date":"14 janvier 2026","format":false,"excerpt":"Petite figurine Korogu en p\u00e2te polym\u00e8re, r\u00e9alis\u00e9e \u00e0 la main. La figurine est sur un socle en bois, pos\u00e9e dans une petite cloche en acrylique. Hauteur de la figurine: 6cm Hauteur de la cloche: 8.5cm Attention: Le mod\u00e8le peut \u00eatre diff\u00e9rent de celui re\u00e7u, mais le masque sera le m\u00eame.","rel":"","context":"Article similaire","block_context":{"text":"Article similaire","link":""},"img":{"alt_text":"","src":"https:\/\/i0.wp.com\/mademoisellekoshka.com\/wp-content\/uploads\/2026\/01\/DSC_05212-e1768374662127.jpg?resize=350%2C200&ssl=1","width":350,"height":200,"srcset":"https:\/\/i0.wp.com\/mademoisellekoshka.com\/wp-content\/uploads\/2026\/01\/DSC_05212-e1768374662127.jpg?resize=350%2C200&ssl=1 1x, https:\/\/i0.wp.com\/mademoisellekoshka.com\/wp-content\/uploads\/2026\/01\/DSC_05212-e1768374662127.jpg?resize=525%2C300&ssl=1 1.5x, https:\/\/i0.wp.com\/mademoisellekoshka.com\/wp-content\/uploads\/2026\/01\/DSC_05212-e1768374662127.jpg?resize=700%2C400&ssl=1 2x"},"classes":[]},{"id":8861,"url":"https:\/\/mademoisellekoshka.com\/index.php\/produit\/figurine-korogu-5\/","url_meta":{"origin":8857,"position":5},"title":"Figurine Korogu #5","author":"admin1099","date":"14 janvier 2026","format":false,"excerpt":"Petite figurine Korogu en p\u00e2te polym\u00e8re, r\u00e9alis\u00e9e \u00e0 la main. La figurine est sur un socle en bois, pos\u00e9e dans une petite cloche en acrylique. Hauteur de la figurine: 6cm Hauteur de la cloche: 8.5cm Attention: Le mod\u00e8le peut \u00eatre diff\u00e9rent de celui re\u00e7u, mais le masque sera le m\u00eame.","rel":"","context":"Article similaire","block_context":{"text":"Article similaire","link":""},"img":{"alt_text":"","src":"https:\/\/i0.wp.com\/mademoisellekoshka.com\/wp-content\/uploads\/2026\/01\/DSC_05362-e1768374344217.jpg?resize=350%2C200&ssl=1","width":350,"height":200,"srcset":"https:\/\/i0.wp.com\/mademoisellekoshka.com\/wp-content\/uploads\/2026\/01\/DSC_05362-e1768374344217.jpg?resize=350%2C200&ssl=1 1x, https:\/\/i0.wp.com\/mademoisellekoshka.com\/wp-content\/uploads\/2026\/01\/DSC_05362-e1768374344217.jpg?resize=525%2C300&ssl=1 1.5x, https:\/\/i0.wp.com\/mademoisellekoshka.com\/wp-content\/uploads\/2026\/01\/DSC_05362-e1768374344217.jpg?resize=700%2C400&ssl=1 2x"},"classes":[]}],"amp_enabled":true,"_links":{"self":[{"href":"https:\/\/mademoisellekoshka.com\/index.php\/wp-json\/wp\/v2\/product\/8857","targetHints":{"allow":["GET"]}}],"collection":[{"href":"https:\/\/mademoisellekoshka.com\/index.php\/wp-json\/wp\/v2\/product"}],"about":[{"href":"https:\/\/mademoisellekoshka.com\/index.php\/wp-json\/wp\/v2\/types\/product"}],"replies":[{"embeddable":true,"href":"https:\/\/mademoisellekoshka.com\/index.php\/wp-json\/wp\/v2\/comments?post=8857"}],"version-history":[{"count":1,"href":"https:\/\/mademoisellekoshka.com\/index.php\/wp-json\/wp\/v2\/product\/8857\/revisions"}],"predecessor-version":[{"id":8858,"href":"https:\/\/mademoisellekoshka.com\/index.php\/wp-json\/wp\/v2\/product\/8857\/revisions\/8858"}],"wp:featuredmedia":[{"embeddable":true,"href":"https:\/\/mademoisellekoshka.com\/index.php\/wp-json\/wp\/v2\/media\/8826"}],"wp:attachment":[{"href":"https:\/\/mademoisellekoshka.com\/index.php\/wp-json\/wp\/v2\/media?parent=8857"}],"wp:term":[{"taxonomy":"product_brand","embeddable":true,"href":"https:\/\/mademoisellekoshka.com\/index.php\/wp-json\/wp\/v2\/product_brand?post=8857"},{"taxonomy":"product_cat","embeddable":true,"href":"https:\/\/mademoisellekoshka.com\/index.php\/wp-json\/wp\/v2\/product_cat?post=8857"},{"taxonomy":"product_tag","embeddable":true,"href":"https:\/\/mademoisellekoshka.com\/index.php\/wp-json\/wp\/v2\/product_tag?post=8857"}],"curies":[{"name":"wp","href":"https:\/\/api.w.org\/{rel}","templated":true}]}}