{"id":8920,"date":"2026-01-14T20:00:32","date_gmt":"2026-01-14T19:00:32","guid":{"rendered":"https:\/\/mademoisellekoshka.com\/?post_type=product&#038;p=8920"},"modified":"2026-01-14T19:19:16","modified_gmt":"2026-01-14T18:19:16","slug":"fiole-zodiaque-balance","status":"publish","type":"product","link":"https:\/\/mademoisellekoshka.com\/index.php\/produit\/fiole-zodiaque-balance\/","title":{"rendered":"Fiole zodiaque Balance"},"content":{"rendered":"<p>Fiole de 8cm de haut, avec un faune zodiaque.<\/p>\n<p>Chaque faune est r\u00e9alis\u00e9 \u00e0 la main en p\u00e2te polym\u00e8re.<\/p>\n<p>Mod\u00e8le unique.<\/p>\n","protected":false},"excerpt":{"rendered":"<p>Fiole de 8cm de haut, avec un faune zodiaque. Chaque faune est r\u00e9alis\u00e9 \u00e0 la main en p\u00e2te polym\u00e8re. Mod\u00e8le unique.<\/p>\n","protected":false},"featured_media":8894,"comment_status":"closed","ping_status":"closed","template":"","meta":{"_monsterinsights_skip_tracking":false,"_monsterinsights_sitenote_active":false,"_monsterinsights_sitenote_note":"","_monsterinsights_sitenote_category":0,"site-sidebar-layout":"default","site-content-layout":"","ast-site-content-layout":"default","site-content-style":"default","site-sidebar-style":"default","ast-global-header-display":"","ast-banner-title-visibility":"","ast-main-header-display":"","ast-hfb-above-header-display":"","ast-hfb-below-header-display":"","ast-hfb-mobile-header-display":"","site-post-title":"","ast-breadcrumbs-content":"","ast-featured-img":"","footer-sml-layout":"","ast-disable-related-posts":"","theme-transparent-header-meta":"default","adv-header-id-meta":"","stick-header-meta":"","header-above-stick-meta":"","header-main-stick-meta":"","header-below-stick-meta":"","astra-migrate-meta-layouts":"set","ast-page-background-enabled":"default","ast-page-background-meta":{"desktop":{"background-color":"","background-image":"","background-repeat":"repeat","background-position":"center center","background-size":"auto","background-attachment":"scroll","background-type":"","background-media":"","overlay-type":"","overlay-color":"","overlay-opacity":"","overlay-gradient":""},"tablet":{"background-color":"","background-image":"","background-repeat":"repeat","background-position":"center center","background-size":"auto","background-attachment":"scroll","background-type":"","background-media":"","overlay-type":"","overlay-color":"","overlay-opacity":"","overlay-gradient":""},"mobile":{"background-color":"","background-image":"","background-repeat":"repeat","background-position":"center center","background-size":"auto","background-attachment":"scroll","background-type":"","background-media":"","overlay-type":"","overlay-color":"","overlay-opacity":"","overlay-gradient":""}},"ast-content-background-meta":{"desktop":{"background-color":"var(--ast-global-color-5)","background-image":"","background-repeat":"repeat","background-position":"center center","background-size":"auto","background-attachment":"scroll","background-type":"","background-media":"","overlay-type":"","overlay-color":"","overlay-opacity":"","overlay-gradient":""},"tablet":{"background-color":"var(--ast-global-color-5)","background-image":"","background-repeat":"repeat","background-position":"center center","background-size":"auto","background-attachment":"scroll","background-type":"","background-media":"","overlay-type":"","overlay-color":"","overlay-opacity":"","overlay-gradient":""},"mobile":{"background-color":"var(--ast-global-color-5)","background-image":"","background-repeat":"repeat","background-position":"center center","background-size":"auto","background-attachment":"scroll","background-type":"","background-media":"","overlay-type":"","overlay-color":"","overlay-opacity":"","overlay-gradient":""}},"jetpack_post_was_ever_published":false},"product_brand":[],"product_cat":[80],"product_tag":[],"class_list":{"0":"post-8920","1":"product","2":"type-product","3":"status-publish","4":"has-post-thumbnail","6":"product_cat-figurines","7":"desktop-align-left","8":"tablet-align-left","9":"mobile-align-left","11":"first","12":"instock","13":"sale","14":"shipping-taxable","15":"purchasable","16":"product-type-simple"},"aioseo_notices":[],"jetpack_sharing_enabled":true,"jetpack-related-posts":[{"id":8918,"url":"https:\/\/mademoisellekoshka.com\/index.php\/produit\/fiole-zodiaque-scorpion\/","url_meta":{"origin":8920,"position":0},"title":"Fiole zodiaque Scorpion","author":"admin1099","date":"14 janvier 2026","format":false,"excerpt":"Fiole de 8cm de haut, avec un faune zodiaque. Chaque faune est r\u00e9alis\u00e9 \u00e0 la main en p\u00e2te polym\u00e8re. Mod\u00e8le unique.","rel":"","context":"Article similaire","block_context":{"text":"Article similaire","link":""},"img":{"alt_text":"","src":"https:\/\/i0.wp.com\/mademoisellekoshka.com\/wp-content\/uploads\/2026\/01\/DSC_05542-e1768395446140.jpg?resize=350%2C200&ssl=1","width":350,"height":200,"srcset":"https:\/\/i0.wp.com\/mademoisellekoshka.com\/wp-content\/uploads\/2026\/01\/DSC_05542-e1768395446140.jpg?resize=350%2C200&ssl=1 1x, https:\/\/i0.wp.com\/mademoisellekoshka.com\/wp-content\/uploads\/2026\/01\/DSC_05542-e1768395446140.jpg?resize=525%2C300&ssl=1 1.5x, https:\/\/i0.wp.com\/mademoisellekoshka.com\/wp-content\/uploads\/2026\/01\/DSC_05542-e1768395446140.jpg?resize=700%2C400&ssl=1 2x"},"classes":[]},{"id":8922,"url":"https:\/\/mademoisellekoshka.com\/index.php\/produit\/fiole-zodiaque-gemeaux\/","url_meta":{"origin":8920,"position":1},"title":"Fiole zodiaque G\u00e9meaux","author":"admin1099","date":"14 janvier 2026","format":false,"excerpt":"Fiole de 8cm de haut, avec un faune zodiaque. Chaque faune est r\u00e9alis\u00e9 \u00e0 la main en p\u00e2te polym\u00e8re. Mod\u00e8le unique.","rel":"","context":"Article similaire","block_context":{"text":"Article similaire","link":""},"img":{"alt_text":"","src":"https:\/\/i0.wp.com\/mademoisellekoshka.com\/wp-content\/uploads\/2026\/01\/DSC_05512-scaled-e1768395488351.jpg?resize=350%2C200&ssl=1","width":350,"height":200,"srcset":"https:\/\/i0.wp.com\/mademoisellekoshka.com\/wp-content\/uploads\/2026\/01\/DSC_05512-scaled-e1768395488351.jpg?resize=350%2C200&ssl=1 1x, https:\/\/i0.wp.com\/mademoisellekoshka.com\/wp-content\/uploads\/2026\/01\/DSC_05512-scaled-e1768395488351.jpg?resize=525%2C300&ssl=1 1.5x"},"classes":[]},{"id":8916,"url":"https:\/\/mademoisellekoshka.com\/index.php\/produit\/fiole-meduse\/","url_meta":{"origin":8920,"position":2},"title":"Fiole M\u00e9duse","author":"admin1099","date":"14 janvier 2026","format":false,"excerpt":"Fiole de 8cm de haut, avec une m\u00e9duse qui brille dans le noir \u00e0 l'int\u00e9rieur. Chaque m\u00e9duse est r\u00e9alis\u00e9e \u00e0 la main en p\u00e2te polym\u00e8re, donc elle peut varier l\u00e9g\u00e8rement de celle pr\u00e9sent\u00e9e. La m\u00e9duse brille dans le noir.","rel":"","context":"Article similaire","block_context":{"text":"Article similaire","link":""},"img":{"alt_text":"","src":"https:\/\/i0.wp.com\/mademoisellekoshka.com\/wp-content\/uploads\/2026\/01\/DSC_05562-scaled-e1768395315821.jpg?resize=350%2C200&ssl=1","width":350,"height":200,"srcset":"https:\/\/i0.wp.com\/mademoisellekoshka.com\/wp-content\/uploads\/2026\/01\/DSC_05562-scaled-e1768395315821.jpg?resize=350%2C200&ssl=1 1x, https:\/\/i0.wp.com\/mademoisellekoshka.com\/wp-content\/uploads\/2026\/01\/DSC_05562-scaled-e1768395315821.jpg?resize=525%2C300&ssl=1 1.5x, https:\/\/i0.wp.com\/mademoisellekoshka.com\/wp-content\/uploads\/2026\/01\/DSC_05562-scaled-e1768395315821.jpg?resize=700%2C400&ssl=1 2x"},"classes":[]},{"id":8861,"url":"https:\/\/mademoisellekoshka.com\/index.php\/produit\/figurine-korogu-5\/","url_meta":{"origin":8920,"position":3},"title":"Figurine Korogu #5","author":"admin1099","date":"14 janvier 2026","format":false,"excerpt":"Petite figurine Korogu en p\u00e2te polym\u00e8re, r\u00e9alis\u00e9e \u00e0 la main. La figurine est sur un socle en bois, pos\u00e9e dans une petite cloche en acrylique. Hauteur de la figurine: 6cm Hauteur de la cloche: 8.5cm Attention: Le mod\u00e8le peut \u00eatre diff\u00e9rent de celui re\u00e7u, mais le masque sera le m\u00eame.","rel":"","context":"Article similaire","block_context":{"text":"Article similaire","link":""},"img":{"alt_text":"","src":"https:\/\/i0.wp.com\/mademoisellekoshka.com\/wp-content\/uploads\/2026\/01\/DSC_05362-e1768374344217.jpg?resize=350%2C200&ssl=1","width":350,"height":200,"srcset":"https:\/\/i0.wp.com\/mademoisellekoshka.com\/wp-content\/uploads\/2026\/01\/DSC_05362-e1768374344217.jpg?resize=350%2C200&ssl=1 1x, https:\/\/i0.wp.com\/mademoisellekoshka.com\/wp-content\/uploads\/2026\/01\/DSC_05362-e1768374344217.jpg?resize=525%2C300&ssl=1 1.5x, https:\/\/i0.wp.com\/mademoisellekoshka.com\/wp-content\/uploads\/2026\/01\/DSC_05362-e1768374344217.jpg?resize=700%2C400&ssl=1 2x"},"classes":[]},{"id":8878,"url":"https:\/\/mademoisellekoshka.com\/index.php\/produit\/figurine-korogu-13\/","url_meta":{"origin":8920,"position":4},"title":"Figurine Korogu #13","author":"admin1099","date":"14 janvier 2026","format":false,"excerpt":"Petite figurine Korogu en p\u00e2te polym\u00e8re, r\u00e9alis\u00e9e \u00e0 la main. La figurine est sur un socle en bois, pos\u00e9e dans une petite cloche en acrylique. Hauteur de la figurine: 6cm Hauteur de la cloche: 8.5cm Attention: Le mod\u00e8le peut \u00eatre diff\u00e9rent de celui re\u00e7u, mais le masque sera le m\u00eame.","rel":"","context":"Article similaire","block_context":{"text":"Article similaire","link":""},"img":{"alt_text":"","src":"https:\/\/i0.wp.com\/mademoisellekoshka.com\/wp-content\/uploads\/2026\/01\/DSC_05282-e1768374527399.jpg?resize=350%2C200&ssl=1","width":350,"height":200,"srcset":"https:\/\/i0.wp.com\/mademoisellekoshka.com\/wp-content\/uploads\/2026\/01\/DSC_05282-e1768374527399.jpg?resize=350%2C200&ssl=1 1x, https:\/\/i0.wp.com\/mademoisellekoshka.com\/wp-content\/uploads\/2026\/01\/DSC_05282-e1768374527399.jpg?resize=525%2C300&ssl=1 1.5x, https:\/\/i0.wp.com\/mademoisellekoshka.com\/wp-content\/uploads\/2026\/01\/DSC_05282-e1768374527399.jpg?resize=700%2C400&ssl=1 2x"},"classes":[]},{"id":8880,"url":"https:\/\/mademoisellekoshka.com\/index.php\/produit\/figurine-korogu-14\/","url_meta":{"origin":8920,"position":5},"title":"Figurine Korogu #14","author":"admin1099","date":"14 janvier 2026","format":false,"excerpt":"Petite figurine Korogu en p\u00e2te polym\u00e8re, r\u00e9alis\u00e9e \u00e0 la main. La figurine est sur un socle en bois, pos\u00e9e dans une petite cloche en acrylique. Hauteur de la figurine: 6cm Hauteur de la cloche: 8.5cm Attention: Le mod\u00e8le peut \u00eatre diff\u00e9rent de celui re\u00e7u, mais le masque sera le m\u00eame.","rel":"","context":"Article similaire","block_context":{"text":"Article similaire","link":""},"img":{"alt_text":"","src":"https:\/\/i0.wp.com\/mademoisellekoshka.com\/wp-content\/uploads\/2026\/01\/DSC_06292-scaled-e1768374913599.jpg?resize=350%2C200&ssl=1","width":350,"height":200,"srcset":"https:\/\/i0.wp.com\/mademoisellekoshka.com\/wp-content\/uploads\/2026\/01\/DSC_06292-scaled-e1768374913599.jpg?resize=350%2C200&ssl=1 1x, https:\/\/i0.wp.com\/mademoisellekoshka.com\/wp-content\/uploads\/2026\/01\/DSC_06292-scaled-e1768374913599.jpg?resize=525%2C300&ssl=1 1.5x, https:\/\/i0.wp.com\/mademoisellekoshka.com\/wp-content\/uploads\/2026\/01\/DSC_06292-scaled-e1768374913599.jpg?resize=700%2C400&ssl=1 2x"},"classes":[]}],"amp_enabled":true,"_links":{"self":[{"href":"https:\/\/mademoisellekoshka.com\/index.php\/wp-json\/wp\/v2\/product\/8920","targetHints":{"allow":["GET"]}}],"collection":[{"href":"https:\/\/mademoisellekoshka.com\/index.php\/wp-json\/wp\/v2\/product"}],"about":[{"href":"https:\/\/mademoisellekoshka.com\/index.php\/wp-json\/wp\/v2\/types\/product"}],"replies":[{"embeddable":true,"href":"https:\/\/mademoisellekoshka.com\/index.php\/wp-json\/wp\/v2\/comments?post=8920"}],"version-history":[{"count":1,"href":"https:\/\/mademoisellekoshka.com\/index.php\/wp-json\/wp\/v2\/product\/8920\/revisions"}],"predecessor-version":[{"id":8921,"href":"https:\/\/mademoisellekoshka.com\/index.php\/wp-json\/wp\/v2\/product\/8920\/revisions\/8921"}],"wp:featuredmedia":[{"embeddable":true,"href":"https:\/\/mademoisellekoshka.com\/index.php\/wp-json\/wp\/v2\/media\/8894"}],"wp:attachment":[{"href":"https:\/\/mademoisellekoshka.com\/index.php\/wp-json\/wp\/v2\/media?parent=8920"}],"wp:term":[{"taxonomy":"product_brand","embeddable":true,"href":"https:\/\/mademoisellekoshka.com\/index.php\/wp-json\/wp\/v2\/product_brand?post=8920"},{"taxonomy":"product_cat","embeddable":true,"href":"https:\/\/mademoisellekoshka.com\/index.php\/wp-json\/wp\/v2\/product_cat?post=8920"},{"taxonomy":"product_tag","embeddable":true,"href":"https:\/\/mademoisellekoshka.com\/index.php\/wp-json\/wp\/v2\/product_tag?post=8920"}],"curies":[{"name":"wp","href":"https:\/\/api.w.org\/{rel}","templated":true}]}}