{"id":8995,"date":"2026-01-14T20:00:20","date_gmt":"2026-01-14T19:00:20","guid":{"rendered":"https:\/\/mademoisellekoshka.com\/?post_type=product&#038;p=8995"},"modified":"2026-01-14T19:15:56","modified_gmt":"2026-01-14T18:15:56","slug":"collier-pendule-fleurs-sechees-crystal-de-roche-delphinium","status":"publish","type":"product","link":"https:\/\/mademoisellekoshka.com\/index.php\/produit\/collier-pendule-fleurs-sechees-crystal-de-roche-delphinium\/","title":{"rendered":"Collier Pendule Fleurs S\u00e9ch\u00e9es &#8211; Crystal de Roche &#038; Delphinium"},"content":{"rendered":"<p>La chaine mesure 51 cm environ, elle est en laiton, garantie sans nickel, ni plomb, ni cadmium.<\/p>\n<p>Le pendule mesure 5 cm de haut. Ils ont tous une signification diff\u00e9rente et sont livr\u00e9s dans leur emballage cadeau.<\/p>\n<p>Chaque pendule est r\u00e9alis\u00e9 de fa\u00e7on artisanale dans mon atelier, chaque mod\u00e8le est donc unique. Les pendules sont r\u00e9alis\u00e9s en r\u00e9sine, feuille d&rsquo;or, paillettes pour refl\u00e9ter la lumi\u00e8re et fleurs s\u00e9ch\u00e9es. Chaque fleur s\u00e9ch\u00e9e est d\u00e9licatement choisie pour sa signification. Des gemmes choisies d\u00e9licatement par mes soins y sont incorpor\u00e9es.<\/p>\n<p>Le pendule est r\u00e9hauss\u00e9 d&rsquo;une \u00e9toile en Oeil de Chat prot\u00e8ge du \u00ab\u00a0mauvais oeil\u00a0\u00bb, sans mauvais jeu de mot et rappelle mon univers (Koshka signifie Chat).<\/p>\n<p>Dans ce mod\u00e8le, le Crystal de Roche pour l&rsquo;imagination et le Delphinium pour la fidelit\u00e9.<\/p>\n<p>Le pendule peut l\u00e9g\u00e8rement diff\u00e9rer de celui pr\u00e9sent\u00e9.<\/p>\n","protected":false},"excerpt":{"rendered":"<p>Pendule qui peut \u00eatre port\u00e9 en collier, r\u00e9alis\u00e9 en r\u00e9sine, feuille d&rsquo;or et paillettes. Chaque fleur s\u00e9ch\u00e9e est choisi en fonction\u00a0 de son langage.<\/p>\n","protected":false},"featured_media":8960,"comment_status":"closed","ping_status":"closed","template":"","meta":{"_monsterinsights_skip_tracking":false,"_monsterinsights_sitenote_active":false,"_monsterinsights_sitenote_note":"","_monsterinsights_sitenote_category":0,"site-sidebar-layout":"default","site-content-layout":"default","ast-site-content-layout":"default","site-content-style":"default","site-sidebar-style":"default","ast-global-header-display":"","ast-banner-title-visibility":"","ast-main-header-display":"","ast-hfb-above-header-display":"","ast-hfb-below-header-display":"","ast-hfb-mobile-header-display":"","site-post-title":"","ast-breadcrumbs-content":"","ast-featured-img":"","footer-sml-layout":"","ast-disable-related-posts":"","theme-transparent-header-meta":"default","adv-header-id-meta":"","stick-header-meta":"","header-above-stick-meta":"","header-main-stick-meta":"","header-below-stick-meta":"","astra-migrate-meta-layouts":"set","ast-page-background-enabled":"default","ast-page-background-meta":{"desktop":{"background-color":"","background-image":"","background-repeat":"repeat","background-position":"center center","background-size":"auto","background-attachment":"scroll","background-type":"","background-media":"","overlay-type":"","overlay-color":"","overlay-opacity":"","overlay-gradient":""},"tablet":{"background-color":"","background-image":"","background-repeat":"repeat","background-position":"center center","background-size":"auto","background-attachment":"scroll","background-type":"","background-media":"","overlay-type":"","overlay-color":"","overlay-opacity":"","overlay-gradient":""},"mobile":{"background-color":"","background-image":"","background-repeat":"repeat","background-position":"center center","background-size":"auto","background-attachment":"scroll","background-type":"","background-media":"","overlay-type":"","overlay-color":"","overlay-opacity":"","overlay-gradient":""}},"ast-content-background-meta":{"desktop":{"background-color":"var(--ast-global-color-5)","background-image":"","background-repeat":"repeat","background-position":"center center","background-size":"auto","background-attachment":"scroll","background-type":"","background-media":"","overlay-type":"","overlay-color":"","overlay-opacity":"","overlay-gradient":""},"tablet":{"background-color":"var(--ast-global-color-5)","background-image":"","background-repeat":"repeat","background-position":"center center","background-size":"auto","background-attachment":"scroll","background-type":"","background-media":"","overlay-type":"","overlay-color":"","overlay-opacity":"","overlay-gradient":""},"mobile":{"background-color":"var(--ast-global-color-5)","background-image":"","background-repeat":"repeat","background-position":"center center","background-size":"auto","background-attachment":"scroll","background-type":"","background-media":"","overlay-type":"","overlay-color":"","overlay-opacity":"","overlay-gradient":""}},"jetpack_post_was_ever_published":false},"product_brand":[],"product_cat":[18,62],"product_tag":[],"class_list":{"0":"post-8995","1":"product","2":"type-product","3":"status-publish","4":"has-post-thumbnail","6":"product_cat-bijoux-collier-bracelet-bague-boucles-doreilles-fantaisie-femme-baroque-camee-pas-cher","7":"product_cat-colliers","8":"desktop-align-left","9":"tablet-align-left","10":"mobile-align-left","12":"first","13":"instock","14":"sale","15":"shipping-taxable","16":"purchasable","17":"product-type-simple"},"aioseo_notices":[],"jetpack_sharing_enabled":true,"jetpack-related-posts":[{"id":9002,"url":"https:\/\/mademoisellekoshka.com\/index.php\/produit\/collier-pendule-fleurs-sechees-rose-gypsophile\/","url_meta":{"origin":8995,"position":0},"title":"Collier Pendule Fleurs S\u00e9ch\u00e9es &#8211; Rose &#038; Gypsophile","author":"admin1099","date":"14 janvier 2026","format":false,"excerpt":"Pendule qui peut \u00eatre port\u00e9 en collier, r\u00e9alis\u00e9 en r\u00e9sine, feuille d'or et paillettes. Chaque fleur s\u00e9ch\u00e9e est choisi en fonction\u00a0 de son langage.","rel":"","context":"Article similaire","block_context":{"text":"Article similaire","link":""},"img":{"alt_text":"","src":"https:\/\/i0.wp.com\/mademoisellekoshka.com\/wp-content\/uploads\/2026\/01\/DSC_06072-scaled-e1768408552389.jpg?resize=350%2C200&ssl=1","width":350,"height":200,"srcset":"https:\/\/i0.wp.com\/mademoisellekoshka.com\/wp-content\/uploads\/2026\/01\/DSC_06072-scaled-e1768408552389.jpg?resize=350%2C200&ssl=1 1x, https:\/\/i0.wp.com\/mademoisellekoshka.com\/wp-content\/uploads\/2026\/01\/DSC_06072-scaled-e1768408552389.jpg?resize=525%2C300&ssl=1 1.5x"},"classes":[]},{"id":4224,"url":"https:\/\/mademoisellekoshka.com\/index.php\/produit\/collier-pendule-fleurs-sechees-amethyste-lavande\/","url_meta":{"origin":8995,"position":1},"title":"Collier Pendule Fleurs S\u00e9ch\u00e9es &#8211; Rose &#038; Pierre de Lune","author":"admin1099","date":"14 janvier 2026","format":false,"excerpt":"Pendule qui peut \u00eatre port\u00e9 en collier, r\u00e9alis\u00e9 en r\u00e9sine, feuille d'or et paillettes. Chaque fleur s\u00e9ch\u00e9e est choisi en fonction\u00a0 de son langage.","rel":"","context":"Article similaire","block_context":{"text":"Article similaire","link":""},"img":{"alt_text":"","src":"https:\/\/i0.wp.com\/mademoisellekoshka.com\/wp-content\/uploads\/2022\/04\/Pendule_witchy_fleurs_sechees_rose_pierre_de_lune_3-e1679765396184.jpg?resize=350%2C200&ssl=1","width":350,"height":200,"srcset":"https:\/\/i0.wp.com\/mademoisellekoshka.com\/wp-content\/uploads\/2022\/04\/Pendule_witchy_fleurs_sechees_rose_pierre_de_lune_3-e1679765396184.jpg?resize=350%2C200&ssl=1 1x, https:\/\/i0.wp.com\/mademoisellekoshka.com\/wp-content\/uploads\/2022\/04\/Pendule_witchy_fleurs_sechees_rose_pierre_de_lune_3-e1679765396184.jpg?resize=525%2C300&ssl=1 1.5x"},"classes":[]},{"id":8989,"url":"https:\/\/mademoisellekoshka.com\/index.php\/produit\/collier-pendule-fleurs-sechees-amethyste-monnaie-du-pape\/","url_meta":{"origin":8995,"position":2},"title":"Collier Pendule Fleurs S\u00e9ch\u00e9es &#8211; Am\u00e9thyste &#038; Monnaie du Pape","author":"admin1099","date":"14 janvier 2026","format":false,"excerpt":"Pendule qui peut \u00eatre port\u00e9 en collier, r\u00e9alis\u00e9 en r\u00e9sine, feuille d'or et paillettes. Chaque fleur s\u00e9ch\u00e9e est choisi en fonction\u00a0 de son langage.","rel":"","context":"Article similaire","block_context":{"text":"Article similaire","link":""},"img":{"alt_text":"","src":"https:\/\/i0.wp.com\/mademoisellekoshka.com\/wp-content\/uploads\/2026\/01\/DSC_05762-scaled-e1768408117885.jpg?resize=350%2C200&ssl=1","width":350,"height":200,"srcset":"https:\/\/i0.wp.com\/mademoisellekoshka.com\/wp-content\/uploads\/2026\/01\/DSC_05762-scaled-e1768408117885.jpg?resize=350%2C200&ssl=1 1x, https:\/\/i0.wp.com\/mademoisellekoshka.com\/wp-content\/uploads\/2026\/01\/DSC_05762-scaled-e1768408117885.jpg?resize=525%2C300&ssl=1 1.5x"},"classes":[]},{"id":8982,"url":"https:\/\/mademoisellekoshka.com\/index.php\/produit\/collier-pendule-fleurs-sechees-amethyste-mousse\/","url_meta":{"origin":8995,"position":3},"title":"Collier Pendule Fleurs S\u00e9ch\u00e9es &#8211; Am\u00e9thyste &#038; Mousse","author":"admin1099","date":"14 janvier 2026","format":false,"excerpt":"Pendule qui peut \u00eatre port\u00e9 en collier, r\u00e9alis\u00e9 en r\u00e9sine, feuille d'or et paillettes. Chaque fleur s\u00e9ch\u00e9e est choisi en fonction\u00a0 de son langage.","rel":"","context":"Article similaire","block_context":{"text":"Article similaire","link":""},"img":{"alt_text":"","src":"https:\/\/i0.wp.com\/mademoisellekoshka.com\/wp-content\/uploads\/2026\/01\/DSC_0576-scaled-e1768408097855.jpg?resize=350%2C200&ssl=1","width":350,"height":200,"srcset":"https:\/\/i0.wp.com\/mademoisellekoshka.com\/wp-content\/uploads\/2026\/01\/DSC_0576-scaled-e1768408097855.jpg?resize=350%2C200&ssl=1 1x, https:\/\/i0.wp.com\/mademoisellekoshka.com\/wp-content\/uploads\/2026\/01\/DSC_0576-scaled-e1768408097855.jpg?resize=525%2C300&ssl=1 1.5x, https:\/\/i0.wp.com\/mademoisellekoshka.com\/wp-content\/uploads\/2026\/01\/DSC_0576-scaled-e1768408097855.jpg?resize=700%2C400&ssl=1 2x"},"classes":[]},{"id":8987,"url":"https:\/\/mademoisellekoshka.com\/index.php\/produit\/collier-pendule-fleurs-sechees-quartz-rose-bleuet\/","url_meta":{"origin":8995,"position":4},"title":"Collier Pendule Fleurs S\u00e9ch\u00e9es &#8211; Quartz Rose &#038; Bleuet","author":"admin1099","date":"14 janvier 2026","format":false,"excerpt":"Pendule qui peut \u00eatre port\u00e9 en collier, r\u00e9alis\u00e9 en r\u00e9sine, feuille d'or et paillettes. Chaque fleur s\u00e9ch\u00e9e est choisi en fonction\u00a0 de son langage.","rel":"","context":"Article similaire","block_context":{"text":"Article similaire","link":""},"img":{"alt_text":"","src":"https:\/\/i0.wp.com\/mademoisellekoshka.com\/wp-content\/uploads\/2026\/01\/DSC_05862-scaled-e1768408263399.jpg?resize=350%2C200&ssl=1","width":350,"height":200,"srcset":"https:\/\/i0.wp.com\/mademoisellekoshka.com\/wp-content\/uploads\/2026\/01\/DSC_05862-scaled-e1768408263399.jpg?resize=350%2C200&ssl=1 1x, https:\/\/i0.wp.com\/mademoisellekoshka.com\/wp-content\/uploads\/2026\/01\/DSC_05862-scaled-e1768408263399.jpg?resize=525%2C300&ssl=1 1.5x, https:\/\/i0.wp.com\/mademoisellekoshka.com\/wp-content\/uploads\/2026\/01\/DSC_05862-scaled-e1768408263399.jpg?resize=700%2C400&ssl=1 2x"},"classes":[]},{"id":8980,"url":"https:\/\/mademoisellekoshka.com\/index.php\/produit\/collier-pendule-fleurs-sechees-aventurine-gomphrenia\/","url_meta":{"origin":8995,"position":5},"title":"Collier Pendule Fleurs S\u00e9ch\u00e9es &#8211; Aventurine &#038; Gomphrenia","author":"admin1099","date":"14 janvier 2026","format":false,"excerpt":"Pendule qui peut \u00eatre port\u00e9 en collier, r\u00e9alis\u00e9 en r\u00e9sine, feuille d'or et paillettes. Chaque fleur s\u00e9ch\u00e9e est choisi en fonction\u00a0 de son langage.","rel":"","context":"Article similaire","block_context":{"text":"Article similaire","link":""},"img":{"alt_text":"","src":"https:\/\/i0.wp.com\/mademoisellekoshka.com\/wp-content\/uploads\/2026\/01\/DSC_05722-scaled-e1768407997868.jpg?resize=350%2C200&ssl=1","width":350,"height":200,"srcset":"https:\/\/i0.wp.com\/mademoisellekoshka.com\/wp-content\/uploads\/2026\/01\/DSC_05722-scaled-e1768407997868.jpg?resize=350%2C200&ssl=1 1x, https:\/\/i0.wp.com\/mademoisellekoshka.com\/wp-content\/uploads\/2026\/01\/DSC_05722-scaled-e1768407997868.jpg?resize=525%2C300&ssl=1 1.5x, https:\/\/i0.wp.com\/mademoisellekoshka.com\/wp-content\/uploads\/2026\/01\/DSC_05722-scaled-e1768407997868.jpg?resize=700%2C400&ssl=1 2x"},"classes":[]}],"amp_enabled":true,"_links":{"self":[{"href":"https:\/\/mademoisellekoshka.com\/index.php\/wp-json\/wp\/v2\/product\/8995","targetHints":{"allow":["GET"]}}],"collection":[{"href":"https:\/\/mademoisellekoshka.com\/index.php\/wp-json\/wp\/v2\/product"}],"about":[{"href":"https:\/\/mademoisellekoshka.com\/index.php\/wp-json\/wp\/v2\/types\/product"}],"replies":[{"embeddable":true,"href":"https:\/\/mademoisellekoshka.com\/index.php\/wp-json\/wp\/v2\/comments?post=8995"}],"version-history":[{"count":1,"href":"https:\/\/mademoisellekoshka.com\/index.php\/wp-json\/wp\/v2\/product\/8995\/revisions"}],"predecessor-version":[{"id":8996,"href":"https:\/\/mademoisellekoshka.com\/index.php\/wp-json\/wp\/v2\/product\/8995\/revisions\/8996"}],"wp:featuredmedia":[{"embeddable":true,"href":"https:\/\/mademoisellekoshka.com\/index.php\/wp-json\/wp\/v2\/media\/8960"}],"wp:attachment":[{"href":"https:\/\/mademoisellekoshka.com\/index.php\/wp-json\/wp\/v2\/media?parent=8995"}],"wp:term":[{"taxonomy":"product_brand","embeddable":true,"href":"https:\/\/mademoisellekoshka.com\/index.php\/wp-json\/wp\/v2\/product_brand?post=8995"},{"taxonomy":"product_cat","embeddable":true,"href":"https:\/\/mademoisellekoshka.com\/index.php\/wp-json\/wp\/v2\/product_cat?post=8995"},{"taxonomy":"product_tag","embeddable":true,"href":"https:\/\/mademoisellekoshka.com\/index.php\/wp-json\/wp\/v2\/product_tag?post=8995"}],"curies":[{"name":"wp","href":"https:\/\/api.w.org\/{rel}","templated":true}]}}